{"id":1133,"date":"2022-05-12T13:32:31","date_gmt":"2022-05-12T11:32:31","guid":{"rendered":"http:\/\/entwicklung6.medialife.works\/?page_id=1133"},"modified":"2022-07-06T07:40:56","modified_gmt":"2022-07-06T05:40:56","slug":"impressum","status":"publish","type":"page","link":"https:\/\/efi-automation.com\/en_gb\/impressum\/","title":{"rendered":"Imprint"},"content":{"rendered":"<div data-elementor-type=\"wp-page\" data-elementor-id=\"1133\" class=\"elementor elementor-1133\" data-elementor-post-type=\"page\">\n\t\t\t\t\t\t<section class=\"elementor-section elementor-top-section elementor-element elementor-element-96d516f elementor-section-boxed elementor-section-height-default elementor-section-height-default\" data-id=\"96d516f\" data-element_type=\"section\" data-settings=\"{&quot;jet_parallax_layout_list&quot;:[]}\">\n\t\t\t\t\t\t<div class=\"elementor-container elementor-column-gap-default\">\n\t\t\t\t\t<div class=\"elementor-column elementor-col-100 elementor-top-column elementor-element elementor-element-dc9634a\" data-id=\"dc9634a\" data-element_type=\"column\">\n\t\t\t<div class=\"elementor-widget-wrap elementor-element-populated\">\n\t\t\t\t\t\t<div class=\"elementor-element elementor-element-15a9290 elementor-widget elementor-widget-heading\" data-id=\"15a9290\" data-element_type=\"widget\" data-widget_type=\"heading.default\">\n\t\t\t\t<div class=\"elementor-widget-container\">\n\t\t\t\t\t<h1 class=\"elementor-heading-title elementor-size-default\">Imprint<\/h1>\t\t\t\t<\/div>\n\t\t\t\t<\/div>\n\t\t\t\t<div class=\"elementor-element elementor-element-1244843 elementor-widget elementor-widget-text-editor\" data-id=\"1244843\" data-element_type=\"widget\" data-widget_type=\"text-editor.default\">\n\t\t\t\t<div class=\"elementor-widget-container\">\n\t\t\t\t\t\t\t\t\t<p>Information according to \u00a75 TMG<\/p><p>EFI-automation GmbH<br \/>Bayernstrasse 6<br \/>63939 W\u00f6rth am Main<br \/>Germany<\/p><p>Commercial register: HRB 15380<br \/>Register Court: Aschaffenburg Local Court<\/p><p>Sales tax identification number according to \u00a727a Sales Tax Act:<br \/>USt-IdNr.:\u00a0DE327314469<\/p><p>Holger Horlebein, Managing Director of EFI-automation GmbH<br \/>phone: +49 (0)6022 651955-0<br \/>Fax: +49 (0)6022 2759990<br \/>E-Mail:\u00a0<a href=\"mailto:Mail@efi-automation.de\"><span style=\"color: #000000;\">Mail@efi-automation.de<\/span><br \/><\/a><\/p><p>Responsible chamber: IHK Aschaffenburg <span style=\"color: #000000;\">(<a style=\"color: #000000;\" href=\"http:\/\/www.aschaffenburg.ihk.de\/\">http:\/\/www.aschaffenburg.ihk.de\/<\/a>)<\/span><br \/><span style=\"color: #000000;\">Register Court: Aschaffenburg Local Court<a style=\"color: #000000;\" href=\"https:\/\/www.justiz.bayern.de\/gericht\/ag\/ab\/\">https:\/\/www.justiz.bayern.de\/gericht\/ag\/ab\/<\/a>)<\/span><\/p><p><span style=\"color: #000000;\">\u00a0<\/span><\/p><h3>\u00a01. content warning<\/h3><p>The free and freely accessible contents of this website have been created with the greatest possible care. However, the provider of this website does not guarantee the accuracy and timeliness of the provided free and freely accessible journalistic guides and news. The use of this website content is at the user's own risk. Calling up this free and freely accessible content alone does not establish any contractual relationship between the user and the provider; in this respect, the provider's intention to be legally bound is lacking.<\/p><h3>2. links<\/h3><p>The website contains links to other websites (\"external links\"). These websites are subject to the liability of the respective site operators. No legal violations were apparent when the external links were linked. The provider has no influence on the current and future design of the linked pages. It is not reasonable for the provider to permanently check the external links without concrete indications of legal violations. If legal violations become known, the external links concerned will be deleted immediately.<\/p><h3>3. copyright \/ ancillary copyright<\/h3><p>The content published on this website by the provider is subject to German copyright and ancillary copyright law. Any use not permitted by German copyright and ancillary copyright law requires the prior written consent of the provider or the respective rights holder. This applies in particular to the copying, editing, translation, storage, processing or reproduction of content in databases or other electronic media and systems. Third-party content and rights are marked as such. Unauthorised copying of website content or the entire website is not permitted and is punishable by law. Only the production of copies and downloads for personal, private and non-commercial use is permitted.<\/p><p>This website may not be displayed in frames or iFrames by third parties without written permission.<\/p><h3>4. no advertising<\/h3><p>The use of the contact data of the imprint for commercial advertising is expressly not desired, unless the provider had previously given his written consent or a business relationship already exists. The provider and all persons named on this website hereby object to any commercial use and disclosure of their data.<\/p><h3>5. special terms of use<\/h3><p>Insofar as special conditions for individual uses of this website deviate from the aforementioned numbers 1. to 4., this will be expressly indicated at the appropriate place. In this case, the special conditions shall apply in the respective individual case.<\/p>\t\t\t\t\t\t\t\t<\/div>\n\t\t\t\t<\/div>\n\t\t\t\t\t<\/div>\n\t\t<\/div>\n\t\t\t\t\t<\/div>\n\t\t<\/section>\n\t\t\t\t<\/div>","protected":false},"excerpt":{"rendered":"<p>Impressum Angaben gem\u00e4\u00df \u00a75 TMG EFI-automation GmbHBayernstrasse 663939\u00a0 W\u00f6rth am MainDeutschland Handelsregister: HRB 15380Registergericht: Amtsgericht Aschaffenburg Umsatzsteuer-Identifikationsnummer gem\u00e4\u00df \u00a727a Umsatzsteuergesetz:USt-IdNr.:\u00a0DE327314469 Gesch\u00e4ftsf\u00fchrer: Holger HorlebeinTelefon: +49 (0)6022 651955-0Telefax: +49 (0)6022 2759990E-Mail:\u00a0mail@efi-automation.de Zust\u00e4ndige Kammer: IHK Aschaffenburg (http:\/\/www.aschaffenburg.ihk.de\/)Amtsgericht: Amtsgericht Aschaffenburg (https:\/\/www.justiz.bayern.de\/gericht\/ag\/ab\/) \u00a0 \u00a01. Warnhinweis zu Inhalten Die kostenlosen und frei zug\u00e4nglichen Inhalte dieser Webseite wurden mit gr\u00f6\u00dftm\u00f6glicher Sorgfalt erstellt. [&hellip;]<\/p>","protected":false},"author":1,"featured_media":0,"parent":0,"menu_order":0,"comment_status":"closed","ping_status":"closed","template":"","meta":{"footnotes":""},"class_list":["post-1133","page","type-page","status-publish","hentry"],"yoast_head":"<!-- This site is optimized with the Yoast SEO plugin v25.2 - https:\/\/yoast.com\/wordpress\/plugins\/seo\/ -->\n<title>Impressum - EFI Automation<\/title>\n<meta name=\"robots\" content=\"index, follow, max-snippet:-1, max-image-preview:large, max-video-preview:-1\" \/>\n<link rel=\"canonical\" href=\"https:\/\/efi-automation.com\/en_gb\/en\/impressum\/\" \/>\n<meta property=\"og:locale\" content=\"en_GB\" \/>\n<meta property=\"og:type\" content=\"article\" \/>\n<meta property=\"og:title\" content=\"Impressum - EFI Automation\" \/>\n<meta property=\"og:description\" content=\"Impressum Angaben gem\u00e4\u00df \u00a75 TMG EFI-automation GmbHBayernstrasse 663939\u00a0 W\u00f6rth am MainDeutschland Handelsregister: HRB 15380Registergericht: Amtsgericht Aschaffenburg Umsatzsteuer-Identifikationsnummer gem\u00e4\u00df \u00a727a Umsatzsteuergesetz:USt-IdNr.:\u00a0DE327314469 Gesch\u00e4ftsf\u00fchrer: Holger HorlebeinTelefon: +49 (0)6022 651955-0Telefax: +49 (0)6022 2759990E-Mail:\u00a0mail@efi-automation.de Zust\u00e4ndige Kammer: IHK Aschaffenburg (http:\/\/www.aschaffenburg.ihk.de\/)Amtsgericht: Amtsgericht Aschaffenburg (https:\/\/www.justiz.bayern.de\/gericht\/ag\/ab\/) \u00a0 \u00a01. Warnhinweis zu Inhalten Die kostenlosen und frei zug\u00e4nglichen Inhalte dieser Webseite wurden mit gr\u00f6\u00dftm\u00f6glicher Sorgfalt erstellt. [&hellip;]\" \/>\n<meta property=\"og:url\" content=\"https:\/\/efi-automation.com\/en_gb\/en\/impressum\/\" \/>\n<meta property=\"og:site_name\" content=\"EFI Automation\" \/>\n<meta property=\"article:modified_time\" content=\"2022-07-06T05:40:56+00:00\" \/>\n<meta name=\"twitter:card\" content=\"summary_large_image\" \/>\n<meta name=\"twitter:label1\" content=\"Estimated reading time\" \/>\n\t<meta name=\"twitter:data1\" content=\"2 minutes\" \/>\n<script type=\"application\/ld+json\" class=\"yoast-schema-graph\">{\"@context\":\"https:\/\/schema.org\",\"@graph\":[{\"@type\":\"WebPage\",\"@id\":\"https:\/\/efi-automation.com\/en\/impressum\/\",\"url\":\"https:\/\/efi-automation.com\/en\/impressum\/\",\"name\":\"Impressum - EFI Automation\",\"isPartOf\":{\"@id\":\"https:\/\/efi-automation.com\/#website\"},\"datePublished\":\"2022-05-12T11:32:31+00:00\",\"dateModified\":\"2022-07-06T05:40:56+00:00\",\"breadcrumb\":{\"@id\":\"https:\/\/efi-automation.com\/en\/impressum\/#breadcrumb\"},\"inLanguage\":\"en-GB\",\"potentialAction\":[{\"@type\":\"ReadAction\",\"target\":[\"https:\/\/efi-automation.com\/en\/impressum\/\"]}]},{\"@type\":\"BreadcrumbList\",\"@id\":\"https:\/\/efi-automation.com\/en\/impressum\/#breadcrumb\",\"itemListElement\":[{\"@type\":\"ListItem\",\"position\":1,\"name\":\"Startseite\",\"item\":\"https:\/\/efi-automation.com\/\"},{\"@type\":\"ListItem\",\"position\":2,\"name\":\"Impressum\"}]},{\"@type\":\"WebSite\",\"@id\":\"https:\/\/efi-automation.com\/#website\",\"url\":\"https:\/\/efi-automation.com\/\",\"name\":\"EFI Automation\",\"description\":\"\",\"publisher\":{\"@id\":\"https:\/\/efi-automation.com\/#organization\"},\"potentialAction\":[{\"@type\":\"SearchAction\",\"target\":{\"@type\":\"EntryPoint\",\"urlTemplate\":\"https:\/\/efi-automation.com\/?s={search_term_string}\"},\"query-input\":{\"@type\":\"PropertyValueSpecification\",\"valueRequired\":true,\"valueName\":\"search_term_string\"}}],\"inLanguage\":\"en-GB\"},{\"@type\":\"Organization\",\"@id\":\"https:\/\/efi-automation.com\/#organization\",\"name\":\"EFI Automation\",\"url\":\"https:\/\/efi-automation.com\/\",\"logo\":{\"@type\":\"ImageObject\",\"inLanguage\":\"en-GB\",\"@id\":\"https:\/\/efi-automation.com\/#\/schema\/logo\/image\/\",\"url\":\"https:\/\/efi-automation.com\/wp-content\/uploads\/2022\/05\/Gruppe-2.png\",\"contentUrl\":\"https:\/\/efi-automation.com\/wp-content\/uploads\/2022\/05\/Gruppe-2.png\",\"width\":263,\"height\":120,\"caption\":\"EFI Automation\"},\"image\":{\"@id\":\"https:\/\/efi-automation.com\/#\/schema\/logo\/image\/\"}}]}<\/script>\n<!-- \/ Yoast SEO plugin. -->","yoast_head_json":{"title":"Impressum - EFI Automation","robots":{"index":"index","follow":"follow","max-snippet":"max-snippet:-1","max-image-preview":"max-image-preview:large","max-video-preview":"max-video-preview:-1"},"canonical":"https:\/\/efi-automation.com\/en_gb\/en\/impressum\/","og_locale":"en_GB","og_type":"article","og_title":"Impressum - EFI Automation","og_description":"Impressum Angaben gem\u00e4\u00df \u00a75 TMG EFI-automation GmbHBayernstrasse 663939\u00a0 W\u00f6rth am MainDeutschland Handelsregister: HRB 15380Registergericht: Amtsgericht Aschaffenburg Umsatzsteuer-Identifikationsnummer gem\u00e4\u00df \u00a727a Umsatzsteuergesetz:USt-IdNr.:\u00a0DE327314469 Gesch\u00e4ftsf\u00fchrer: Holger HorlebeinTelefon: +49 (0)6022 651955-0Telefax: +49 (0)6022 2759990E-Mail:\u00a0mail@efi-automation.de Zust\u00e4ndige Kammer: IHK Aschaffenburg (http:\/\/www.aschaffenburg.ihk.de\/)Amtsgericht: Amtsgericht Aschaffenburg (https:\/\/www.justiz.bayern.de\/gericht\/ag\/ab\/) \u00a0 \u00a01. Warnhinweis zu Inhalten Die kostenlosen und frei zug\u00e4nglichen Inhalte dieser Webseite wurden mit gr\u00f6\u00dftm\u00f6glicher Sorgfalt erstellt. [&hellip;]","og_url":"https:\/\/efi-automation.com\/en_gb\/en\/impressum\/","og_site_name":"EFI Automation","article_modified_time":"2022-07-06T05:40:56+00:00","twitter_card":"summary_large_image","twitter_misc":{"Estimated reading time":"2 minutes"},"schema":{"@context":"https:\/\/schema.org","@graph":[{"@type":"WebPage","@id":"https:\/\/efi-automation.com\/en\/impressum\/","url":"https:\/\/efi-automation.com\/en\/impressum\/","name":"Impressum - EFI Automation","isPartOf":{"@id":"https:\/\/efi-automation.com\/#website"},"datePublished":"2022-05-12T11:32:31+00:00","dateModified":"2022-07-06T05:40:56+00:00","breadcrumb":{"@id":"https:\/\/efi-automation.com\/en\/impressum\/#breadcrumb"},"inLanguage":"en-GB","potentialAction":[{"@type":"ReadAction","target":["https:\/\/efi-automation.com\/en\/impressum\/"]}]},{"@type":"BreadcrumbList","@id":"https:\/\/efi-automation.com\/en\/impressum\/#breadcrumb","itemListElement":[{"@type":"ListItem","position":1,"name":"Startseite","item":"https:\/\/efi-automation.com\/"},{"@type":"ListItem","position":2,"name":"Impressum"}]},{"@type":"WebSite","@id":"https:\/\/efi-automation.com\/#website","url":"https:\/\/efi-automation.com\/","name":"EFI Automation","description":"","publisher":{"@id":"https:\/\/efi-automation.com\/#organization"},"potentialAction":[{"@type":"SearchAction","target":{"@type":"EntryPoint","urlTemplate":"https:\/\/efi-automation.com\/?s={search_term_string}"},"query-input":{"@type":"PropertyValueSpecification","valueRequired":true,"valueName":"search_term_string"}}],"inLanguage":"en-GB"},{"@type":"Organization","@id":"https:\/\/efi-automation.com\/#organization","name":"EFI Automation","url":"https:\/\/efi-automation.com\/","logo":{"@type":"ImageObject","inLanguage":"en-GB","@id":"https:\/\/efi-automation.com\/#\/schema\/logo\/image\/","url":"https:\/\/efi-automation.com\/wp-content\/uploads\/2022\/05\/Gruppe-2.png","contentUrl":"https:\/\/efi-automation.com\/wp-content\/uploads\/2022\/05\/Gruppe-2.png","width":263,"height":120,"caption":"EFI Automation"},"image":{"@id":"https:\/\/efi-automation.com\/#\/schema\/logo\/image\/"}}]}},"_links":{"self":[{"href":"https:\/\/efi-automation.com\/en_gb\/wp-json\/wp\/v2\/pages\/1133","targetHints":{"allow":["GET"]}}],"collection":[{"href":"https:\/\/efi-automation.com\/en_gb\/wp-json\/wp\/v2\/pages"}],"about":[{"href":"https:\/\/efi-automation.com\/en_gb\/wp-json\/wp\/v2\/types\/page"}],"author":[{"embeddable":true,"href":"https:\/\/efi-automation.com\/en_gb\/wp-json\/wp\/v2\/users\/1"}],"replies":[{"embeddable":true,"href":"https:\/\/efi-automation.com\/en_gb\/wp-json\/wp\/v2\/comments?post=1133"}],"version-history":[{"count":10,"href":"https:\/\/efi-automation.com\/en_gb\/wp-json\/wp\/v2\/pages\/1133\/revisions"}],"predecessor-version":[{"id":2900,"href":"https:\/\/efi-automation.com\/en_gb\/wp-json\/wp\/v2\/pages\/1133\/revisions\/2900"}],"wp:attachment":[{"href":"https:\/\/efi-automation.com\/en_gb\/wp-json\/wp\/v2\/media?parent=1133"}],"curies":[{"name":"wp","href":"https:\/\/api.w.org\/{rel}","templated":true}]}}