{"id":2877,"date":"2022-07-05T14:46:19","date_gmt":"2022-07-05T12:46:19","guid":{"rendered":"https:\/\/efi-automation.com\/?page_id=2877"},"modified":"2022-07-06T08:05:56","modified_gmt":"2022-07-06T06:05:56","slug":"versand","status":"publish","type":"page","link":"https:\/\/efi-automation.com\/en_gb\/versand\/","title":{"rendered":"Shipping"},"content":{"rendered":"<div data-elementor-type=\"wp-page\" data-elementor-id=\"2877\" class=\"elementor elementor-2877\" data-elementor-post-type=\"page\">\n\t\t\t\t\t\t<section class=\"elementor-section elementor-top-section elementor-element elementor-element-0f89caa elementor-section-boxed elementor-section-height-default elementor-section-height-default\" data-id=\"0f89caa\" data-element_type=\"section\" data-settings=\"{&quot;jet_parallax_layout_list&quot;:[]}\">\n\t\t\t\t\t\t<div class=\"elementor-container elementor-column-gap-default\">\n\t\t\t\t\t<div class=\"elementor-column elementor-col-100 elementor-top-column elementor-element elementor-element-a1e91c0\" data-id=\"a1e91c0\" data-element_type=\"column\">\n\t\t\t<div class=\"elementor-widget-wrap elementor-element-populated\">\n\t\t\t\t\t\t<div class=\"elementor-element elementor-element-1cc62b8 elementor-widget elementor-widget-heading\" data-id=\"1cc62b8\" data-element_type=\"widget\" data-widget_type=\"heading.default\">\n\t\t\t\t<div class=\"elementor-widget-container\">\n\t\t\t\t\t<h1 class=\"elementor-heading-title elementor-size-default\">Our shipping conditions<\/h1>\t\t\t\t<\/div>\n\t\t\t\t<\/div>\n\t\t\t\t<div class=\"elementor-element elementor-element-31fa410 elementor-widget elementor-widget-text-editor\" data-id=\"31fa410\" data-element_type=\"widget\" data-widget_type=\"text-editor.default\">\n\t\t\t\t<div class=\"elementor-widget-container\">\n\t\t\t\t\t\t\t\t\t<p>We offer the following shipping methods. <br \/>Simply choose the shipping method that is best for you.<\/p>\t\t\t\t\t\t\t\t<\/div>\n\t\t\t\t<\/div>\n\t\t\t\t<div class=\"elementor-element elementor-element-e49329e elementor-position-left elementor-view-default elementor-mobile-position-top elementor-vertical-align-top elementor-widget elementor-widget-icon-box\" data-id=\"e49329e\" data-element_type=\"widget\" data-widget_type=\"icon-box.default\">\n\t\t\t\t<div class=\"elementor-widget-container\">\n\t\t\t\t\t\t\t<div class=\"elementor-icon-box-wrapper\">\n\n\t\t\t\t\t\t<div class=\"elementor-icon-box-icon\">\n\t\t\t\t<span  class=\"elementor-icon\">\n\t\t\t\t<i aria-hidden=\"true\" class=\"fab fa-ups\"><\/i>\t\t\t\t<\/span>\n\t\t\t<\/div>\n\t\t\t\n\t\t\t\t\t\t<div class=\"elementor-icon-box-content\">\n\n\t\t\t\t\t\t\t\t\t<h3 class=\"elementor-icon-box-title\">\n\t\t\t\t\t\t<span  >\n\t\t\t\t\t\t\tShipping partner\t\t\t\t\t\t<\/span>\n\t\t\t\t\t<\/h3>\n\t\t\t\t\n\t\t\t\t\t\t\t\t\t<p class=\"elementor-icon-box-description\">\n\t\t\t\t\t\tThe goods are dispatched by our logistics partner UPS as standard.\n\nIn exceptional cases, shipping can be carried out with other parcel service providers by arrangement.\t\t\t\t\t<\/p>\n\t\t\t\t\n\t\t\t<\/div>\n\t\t\t\n\t\t<\/div>\n\t\t\t\t\t\t<\/div>\n\t\t\t\t<\/div>\n\t\t\t\t<div class=\"elementor-element elementor-element-05c681b elementor-position-left elementor-view-default elementor-mobile-position-top elementor-vertical-align-top elementor-widget elementor-widget-icon-box\" data-id=\"05c681b\" data-element_type=\"widget\" data-widget_type=\"icon-box.default\">\n\t\t\t\t<div class=\"elementor-widget-container\">\n\t\t\t\t\t\t\t<div class=\"elementor-icon-box-wrapper\">\n\n\t\t\t\t\t\t<div class=\"elementor-icon-box-icon\">\n\t\t\t\t<span  class=\"elementor-icon\">\n\t\t\t\t<i aria-hidden=\"true\" class=\"fas fa-coins\"><\/i>\t\t\t\t<\/span>\n\t\t\t<\/div>\n\t\t\t\n\t\t\t\t\t\t<div class=\"elementor-icon-box-content\">\n\n\t\t\t\t\t\t\t\t\t<h3 class=\"elementor-icon-box-title\">\n\t\t\t\t\t\t<span  >\n\t\t\t\t\t\t\tShipping costs\t\t\t\t\t\t<\/span>\n\t\t\t\t\t<\/h3>\n\t\t\t\t\n\t\t\t\t\t\t\t\t\t<p class=\"elementor-icon-box-description\">\n\t\t\t\t\t\tAll shipping costs depend on the weight of the goods\/volume weight and the country of destination.\n\nThese are displayed in detail in the order process before you send the order.\n\nYou can also choose from various UPS shipping methods such as UPS Standard, UPS Saver or UPS Express.\t\t\t\t\t<\/p>\n\t\t\t\t\n\t\t\t<\/div>\n\t\t\t\n\t\t<\/div>\n\t\t\t\t\t\t<\/div>\n\t\t\t\t<\/div>\n\t\t\t\t<div class=\"elementor-element elementor-element-6c1296c elementor-position-left elementor-view-default elementor-mobile-position-top elementor-vertical-align-top elementor-widget elementor-widget-icon-box\" data-id=\"6c1296c\" data-element_type=\"widget\" data-widget_type=\"icon-box.default\">\n\t\t\t\t<div class=\"elementor-widget-container\">\n\t\t\t\t\t\t\t<div class=\"elementor-icon-box-wrapper\">\n\n\t\t\t\t\t\t<div class=\"elementor-icon-box-icon\">\n\t\t\t\t<span  class=\"elementor-icon\">\n\t\t\t\t<i aria-hidden=\"true\" class=\"fas fa-shield-alt\"><\/i>\t\t\t\t<\/span>\n\t\t\t<\/div>\n\t\t\t\n\t\t\t\t\t\t<div class=\"elementor-icon-box-content\">\n\n\t\t\t\t\t\t\t\t\t<h3 class=\"elementor-icon-box-title\">\n\t\t\t\t\t\t<span  >\n\t\t\t\t\t\t\tInsurance\t\t\t\t\t\t<\/span>\n\t\t\t\t\t<\/h3>\n\t\t\t\t\n\t\t\t\t\t\t\t\t\t<p class=\"elementor-icon-box-description\">\n\t\t\t\t\t\tEach parcel is insured up to \u20ac 500.00 value of goods.\n\nShould you require a higher insurance or have your own transport insurance,\n\nplease contact us.\t\t\t\t\t<\/p>\n\t\t\t\t\n\t\t\t<\/div>\n\t\t\t\n\t\t<\/div>\n\t\t\t\t\t\t<\/div>\n\t\t\t\t<\/div>\n\t\t\t\t<div class=\"elementor-element elementor-element-9f5c439 elementor-position-left elementor-view-default elementor-mobile-position-top elementor-vertical-align-top elementor-widget elementor-widget-icon-box\" data-id=\"9f5c439\" data-element_type=\"widget\" data-widget_type=\"icon-box.default\">\n\t\t\t\t<div class=\"elementor-widget-container\">\n\t\t\t\t\t\t\t<div class=\"elementor-icon-box-wrapper\">\n\n\t\t\t\t\t\t<div class=\"elementor-icon-box-icon\">\n\t\t\t\t<span  class=\"elementor-icon\">\n\t\t\t\t<i aria-hidden=\"true\" class=\"fas fa-luggage-cart\"><\/i>\t\t\t\t<\/span>\n\t\t\t<\/div>\n\t\t\t\n\t\t\t\t\t\t<div class=\"elementor-icon-box-content\">\n\n\t\t\t\t\t\t\t\t\t<h3 class=\"elementor-icon-box-title\">\n\t\t\t\t\t\t<span  >\n\t\t\t\t\t\t\tExpress courier\t\t\t\t\t\t<\/span>\n\t\t\t\t\t<\/h3>\n\t\t\t\t\n\t\t\t\t\t\t\t\t\t<p class=\"elementor-icon-box-description\">\n\t\t\t\t\t\tOn request by telephone, delivery by express courier is also possible at any time if the required item is in stock.\n\nby express courier is possible at any time! By car, truck or even by plane.\t\t\t\t\t<\/p>\n\t\t\t\t\n\t\t\t<\/div>\n\t\t\t\n\t\t<\/div>\n\t\t\t\t\t\t<\/div>\n\t\t\t\t<\/div>\n\t\t\t\t\t<\/div>\n\t\t<\/div>\n\t\t\t\t\t<\/div>\n\t\t<\/section>\n\t\t\t\t<\/div>","protected":false},"excerpt":{"rendered":"<p>Unsere Versandbedingungen Wir bieten Ihnen folgende Versandarten an. Suchen Sie sich einfach die f\u00fcr Sie optimale Versandart aus. Versandpartner Der Versand der\u00a0Ware erfolgt standardm\u00e4\u00dfig mit unserem Logistikpartner UPS. In Ausnahmef\u00e4llen kann nach Absprache ein Versand mit anderen Paketdienstleistern durchgef\u00fchrt werden. Versandkosten Alle Versandkosten richten sich nach\u00a0Warengewicht\/Volumengewicht und Bestimmungsland. Diese werden Ihnen im Bestellvorgang vor absenden [&hellip;]<\/p>","protected":false},"author":1,"featured_media":0,"parent":0,"menu_order":0,"comment_status":"closed","ping_status":"closed","template":"","meta":{"footnotes":""},"class_list":["post-2877","page","type-page","status-publish","hentry"],"yoast_head":"<!-- This site is optimized with the Yoast SEO plugin v25.2 - https:\/\/yoast.com\/wordpress\/plugins\/seo\/ -->\n<title>Versand - EFI Automation<\/title>\n<meta name=\"robots\" content=\"index, follow, max-snippet:-1, max-image-preview:large, max-video-preview:-1\" \/>\n<link rel=\"canonical\" href=\"https:\/\/efi-automation.com\/en_gb\/versand\/\" \/>\n<meta property=\"og:locale\" content=\"en_GB\" \/>\n<meta property=\"og:type\" content=\"article\" \/>\n<meta property=\"og:title\" content=\"Versand - EFI Automation\" \/>\n<meta property=\"og:description\" content=\"Unsere Versandbedingungen Wir bieten Ihnen folgende Versandarten an. Suchen Sie sich einfach die f\u00fcr Sie optimale Versandart aus. Versandpartner Der Versand der\u00a0Ware erfolgt standardm\u00e4\u00dfig mit unserem Logistikpartner UPS. In Ausnahmef\u00e4llen kann nach Absprache ein Versand mit anderen Paketdienstleistern durchgef\u00fchrt werden. Versandkosten Alle Versandkosten richten sich nach\u00a0Warengewicht\/Volumengewicht und Bestimmungsland. Diese werden Ihnen im Bestellvorgang vor absenden [&hellip;]\" \/>\n<meta property=\"og:url\" content=\"https:\/\/efi-automation.com\/en_gb\/versand\/\" \/>\n<meta property=\"og:site_name\" content=\"EFI Automation\" \/>\n<meta property=\"article:modified_time\" content=\"2022-07-06T06:05:56+00:00\" \/>\n<meta name=\"twitter:card\" content=\"summary_large_image\" \/>\n<meta name=\"twitter:label1\" content=\"Estimated reading time\" \/>\n\t<meta name=\"twitter:data1\" content=\"1 minute\" \/>\n<script type=\"application\/ld+json\" class=\"yoast-schema-graph\">{\"@context\":\"https:\/\/schema.org\",\"@graph\":[{\"@type\":\"WebPage\",\"@id\":\"https:\/\/efi-automation.com\/versand\/\",\"url\":\"https:\/\/efi-automation.com\/versand\/\",\"name\":\"Versand - EFI Automation\",\"isPartOf\":{\"@id\":\"https:\/\/efi-automation.com\/#website\"},\"datePublished\":\"2022-07-05T12:46:19+00:00\",\"dateModified\":\"2022-07-06T06:05:56+00:00\",\"breadcrumb\":{\"@id\":\"https:\/\/efi-automation.com\/versand\/#breadcrumb\"},\"inLanguage\":\"en-GB\",\"potentialAction\":[{\"@type\":\"ReadAction\",\"target\":[\"https:\/\/efi-automation.com\/versand\/\"]}]},{\"@type\":\"BreadcrumbList\",\"@id\":\"https:\/\/efi-automation.com\/versand\/#breadcrumb\",\"itemListElement\":[{\"@type\":\"ListItem\",\"position\":1,\"name\":\"Startseite\",\"item\":\"https:\/\/efi-automation.com\/\"},{\"@type\":\"ListItem\",\"position\":2,\"name\":\"Versand\"}]},{\"@type\":\"WebSite\",\"@id\":\"https:\/\/efi-automation.com\/#website\",\"url\":\"https:\/\/efi-automation.com\/\",\"name\":\"EFI Automation\",\"description\":\"\",\"publisher\":{\"@id\":\"https:\/\/efi-automation.com\/#organization\"},\"potentialAction\":[{\"@type\":\"SearchAction\",\"target\":{\"@type\":\"EntryPoint\",\"urlTemplate\":\"https:\/\/efi-automation.com\/?s={search_term_string}\"},\"query-input\":{\"@type\":\"PropertyValueSpecification\",\"valueRequired\":true,\"valueName\":\"search_term_string\"}}],\"inLanguage\":\"en-GB\"},{\"@type\":\"Organization\",\"@id\":\"https:\/\/efi-automation.com\/#organization\",\"name\":\"EFI Automation\",\"url\":\"https:\/\/efi-automation.com\/\",\"logo\":{\"@type\":\"ImageObject\",\"inLanguage\":\"en-GB\",\"@id\":\"https:\/\/efi-automation.com\/#\/schema\/logo\/image\/\",\"url\":\"https:\/\/efi-automation.com\/wp-content\/uploads\/2022\/05\/Gruppe-2.png\",\"contentUrl\":\"https:\/\/efi-automation.com\/wp-content\/uploads\/2022\/05\/Gruppe-2.png\",\"width\":263,\"height\":120,\"caption\":\"EFI Automation\"},\"image\":{\"@id\":\"https:\/\/efi-automation.com\/#\/schema\/logo\/image\/\"}}]}<\/script>\n<!-- \/ Yoast SEO plugin. -->","yoast_head_json":{"title":"Versand - EFI Automation","robots":{"index":"index","follow":"follow","max-snippet":"max-snippet:-1","max-image-preview":"max-image-preview:large","max-video-preview":"max-video-preview:-1"},"canonical":"https:\/\/efi-automation.com\/en_gb\/versand\/","og_locale":"en_GB","og_type":"article","og_title":"Versand - EFI Automation","og_description":"Unsere Versandbedingungen Wir bieten Ihnen folgende Versandarten an. Suchen Sie sich einfach die f\u00fcr Sie optimale Versandart aus. Versandpartner Der Versand der\u00a0Ware erfolgt standardm\u00e4\u00dfig mit unserem Logistikpartner UPS. In Ausnahmef\u00e4llen kann nach Absprache ein Versand mit anderen Paketdienstleistern durchgef\u00fchrt werden. Versandkosten Alle Versandkosten richten sich nach\u00a0Warengewicht\/Volumengewicht und Bestimmungsland. Diese werden Ihnen im Bestellvorgang vor absenden [&hellip;]","og_url":"https:\/\/efi-automation.com\/en_gb\/versand\/","og_site_name":"EFI Automation","article_modified_time":"2022-07-06T06:05:56+00:00","twitter_card":"summary_large_image","twitter_misc":{"Estimated reading time":"1 minute"},"schema":{"@context":"https:\/\/schema.org","@graph":[{"@type":"WebPage","@id":"https:\/\/efi-automation.com\/versand\/","url":"https:\/\/efi-automation.com\/versand\/","name":"Versand - EFI Automation","isPartOf":{"@id":"https:\/\/efi-automation.com\/#website"},"datePublished":"2022-07-05T12:46:19+00:00","dateModified":"2022-07-06T06:05:56+00:00","breadcrumb":{"@id":"https:\/\/efi-automation.com\/versand\/#breadcrumb"},"inLanguage":"en-GB","potentialAction":[{"@type":"ReadAction","target":["https:\/\/efi-automation.com\/versand\/"]}]},{"@type":"BreadcrumbList","@id":"https:\/\/efi-automation.com\/versand\/#breadcrumb","itemListElement":[{"@type":"ListItem","position":1,"name":"Startseite","item":"https:\/\/efi-automation.com\/"},{"@type":"ListItem","position":2,"name":"Versand"}]},{"@type":"WebSite","@id":"https:\/\/efi-automation.com\/#website","url":"https:\/\/efi-automation.com\/","name":"EFI Automation","description":"","publisher":{"@id":"https:\/\/efi-automation.com\/#organization"},"potentialAction":[{"@type":"SearchAction","target":{"@type":"EntryPoint","urlTemplate":"https:\/\/efi-automation.com\/?s={search_term_string}"},"query-input":{"@type":"PropertyValueSpecification","valueRequired":true,"valueName":"search_term_string"}}],"inLanguage":"en-GB"},{"@type":"Organization","@id":"https:\/\/efi-automation.com\/#organization","name":"EFI Automation","url":"https:\/\/efi-automation.com\/","logo":{"@type":"ImageObject","inLanguage":"en-GB","@id":"https:\/\/efi-automation.com\/#\/schema\/logo\/image\/","url":"https:\/\/efi-automation.com\/wp-content\/uploads\/2022\/05\/Gruppe-2.png","contentUrl":"https:\/\/efi-automation.com\/wp-content\/uploads\/2022\/05\/Gruppe-2.png","width":263,"height":120,"caption":"EFI Automation"},"image":{"@id":"https:\/\/efi-automation.com\/#\/schema\/logo\/image\/"}}]}},"_links":{"self":[{"href":"https:\/\/efi-automation.com\/en_gb\/wp-json\/wp\/v2\/pages\/2877","targetHints":{"allow":["GET"]}}],"collection":[{"href":"https:\/\/efi-automation.com\/en_gb\/wp-json\/wp\/v2\/pages"}],"about":[{"href":"https:\/\/efi-automation.com\/en_gb\/wp-json\/wp\/v2\/types\/page"}],"author":[{"embeddable":true,"href":"https:\/\/efi-automation.com\/en_gb\/wp-json\/wp\/v2\/users\/1"}],"replies":[{"embeddable":true,"href":"https:\/\/efi-automation.com\/en_gb\/wp-json\/wp\/v2\/comments?post=2877"}],"version-history":[{"count":10,"href":"https:\/\/efi-automation.com\/en_gb\/wp-json\/wp\/v2\/pages\/2877\/revisions"}],"predecessor-version":[{"id":2914,"href":"https:\/\/efi-automation.com\/en_gb\/wp-json\/wp\/v2\/pages\/2877\/revisions\/2914"}],"wp:attachment":[{"href":"https:\/\/efi-automation.com\/en_gb\/wp-json\/wp\/v2\/media?parent=2877"}],"curies":[{"name":"wp","href":"https:\/\/api.w.org\/{rel}","templated":true}]}}