{"id":490,"date":"2022-05-06T10:04:31","date_gmt":"2022-05-06T08:04:31","guid":{"rendered":"http:\/\/entwicklung6.medialife.works\/?page_id=490"},"modified":"2023-12-08T15:24:54","modified_gmt":"2023-12-08T14:24:54","slug":"kontakt","status":"publish","type":"page","link":"https:\/\/efi-automation.com\/en_gb\/kontakt\/","title":{"rendered":"Contact"},"content":{"rendered":"<div data-elementor-type=\"wp-page\" data-elementor-id=\"490\" class=\"elementor elementor-490\" data-elementor-post-type=\"page\">\n\t\t\t\t\t\t<section class=\"elementor-section elementor-top-section elementor-element elementor-element-1730c87 elementor-section-height-min-height elementor-section-full_width elementor-section-height-default elementor-section-items-middle\" data-id=\"1730c87\" data-element_type=\"section\" data-settings=\"{&quot;jet_parallax_layout_list&quot;:[],&quot;background_background&quot;:&quot;classic&quot;}\">\n\t\t\t\t\t\t<div class=\"elementor-container elementor-column-gap-default\">\n\t\t\t\t\t<div class=\"elementor-column elementor-col-33 elementor-top-column elementor-element elementor-element-1b99f31\" data-id=\"1b99f31\" data-element_type=\"column\">\n\t\t\t<div class=\"elementor-widget-wrap\">\n\t\t\t\t\t\t\t<\/div>\n\t\t<\/div>\n\t\t\t\t<div class=\"elementor-column elementor-col-33 elementor-top-column elementor-element elementor-element-041d592\" data-id=\"041d592\" data-element_type=\"column\">\n\t\t\t<div class=\"elementor-widget-wrap elementor-element-populated\">\n\t\t\t\t\t\t<div class=\"elementor-element elementor-element-c19a438 elementor-widget elementor-widget-text-editor\" data-id=\"c19a438\" data-element_type=\"widget\" data-widget_type=\"text-editor.default\">\n\t\t\t\t<div class=\"elementor-widget-container\">\n\t\t\t\t\t\t\t\t\t<p>Pers\u00f6nlich vor Ort<\/p><p><strong>We are happy<br \/>to answer your questions<br \/><\/strong><\/p>\t\t\t\t\t\t\t\t<\/div>\n\t\t\t\t<\/div>\n\t\t\t\t\t<\/div>\n\t\t<\/div>\n\t\t\t\t<div class=\"elementor-column elementor-col-33 elementor-top-column elementor-element elementor-element-f580748\" data-id=\"f580748\" data-element_type=\"column\">\n\t\t\t<div class=\"elementor-widget-wrap\">\n\t\t\t\t\t\t\t<\/div>\n\t\t<\/div>\n\t\t\t\t\t<\/div>\n\t\t<\/section>\n\t\t\t\t<section class=\"elementor-section elementor-top-section elementor-element elementor-element-325db85 elementor-section-boxed elementor-section-height-default elementor-section-height-default\" data-id=\"325db85\" data-element_type=\"section\" data-settings=\"{&quot;jet_parallax_layout_list&quot;:[],&quot;background_background&quot;:&quot;classic&quot;}\">\n\t\t\t\t\t\t<div class=\"elementor-container elementor-column-gap-default\">\n\t\t\t\t\t<div class=\"elementor-column elementor-col-50 elementor-top-column elementor-element elementor-element-ccc6ab3\" data-id=\"ccc6ab3\" data-element_type=\"column\">\n\t\t\t<div class=\"elementor-widget-wrap elementor-element-populated\">\n\t\t\t\t\t\t<div class=\"elementor-element elementor-element-588e3fc elementor-position-left elementor-view-default elementor-mobile-position-top elementor-vertical-align-top elementor-widget elementor-widget-icon-box\" data-id=\"588e3fc\" data-element_type=\"widget\" data-widget_type=\"icon-box.default\">\n\t\t\t\t<div class=\"elementor-widget-container\">\n\t\t\t\t\t\t\t<div class=\"elementor-icon-box-wrapper\">\n\n\t\t\t\t\t\t<div class=\"elementor-icon-box-icon\">\n\t\t\t\t<span  class=\"elementor-icon\">\n\t\t\t\t<svg xmlns=\"http:\/\/www.w3.org\/2000\/svg\" id=\"a\" viewbox=\"0 0 100 100\"><defs><style>.b{fill:#31a939;}<\/style><\/defs><path class=\"b\" d=\"M68.45,12.35c-4.93-4.93-10.98-7.42-17.99-7.42s-13.07,2.5-17.99,7.42c-4.93,4.93-7.42,10.98-7.42,17.99,0,3.85,.84,7.53,2.49,10.94,1.59,3.29,3.77,6.12,6.47,8.44l16.45,45.21,16.45-45.21c2.7-2.32,4.88-5.15,6.47-8.44,1.65-3.41,2.49-7.09,2.49-10.94,0-7.01-2.5-13.07-7.42-17.99Zm-12.28,23.71c-1.57,1.57-3.5,2.37-5.72,2.37s-4.14-.8-5.72-2.37c-1.57-1.57-2.37-3.49-2.37-5.72s.8-4.14,2.37-5.72c1.57-1.57,3.49-2.37,5.72-2.37s4.14,.8,5.72,2.37c1.57,1.57,2.37,3.5,2.37,5.72s-.8,4.15-2.37,5.72Z\"><\/path><\/svg>\t\t\t\t<\/span>\n\t\t\t<\/div>\n\t\t\t\n\t\t\t\t\t\t<div class=\"elementor-icon-box-content\">\n\n\t\t\t\t\t\t\t\t\t<h3 class=\"elementor-icon-box-title\">\n\t\t\t\t\t\t<span  >\n\t\t\t\t\t\t\tEFI-automation GmbH\t\t\t\t\t\t<\/span>\n\t\t\t\t\t<\/h3>\n\t\t\t\t\n\t\t\t\t\t\t\t\t\t<p class=\"elementor-icon-box-description\">\n\t\t\t\t\t\tBayernstra\u00dfe 6 <br>\n63939 W\u00f6rth am Main<br>\nGermany\t\t\t\t\t<\/p>\n\t\t\t\t\n\t\t\t<\/div>\n\t\t\t\n\t\t<\/div>\n\t\t\t\t\t\t<\/div>\n\t\t\t\t<\/div>\n\t\t\t\t\t<\/div>\n\t\t<\/div>\n\t\t\t\t<div class=\"elementor-column elementor-col-50 elementor-top-column elementor-element elementor-element-f02d241\" data-id=\"f02d241\" data-element_type=\"column\">\n\t\t\t<div class=\"elementor-widget-wrap elementor-element-populated\">\n\t\t\t\t\t\t<div class=\"elementor-element elementor-element-3fd9886 elementor-align-center elementor-widget elementor-widget-button\" data-id=\"3fd9886\" data-element_type=\"widget\" data-widget_type=\"button.default\">\n\t\t\t\t<div class=\"elementor-widget-container\">\n\t\t\t\t\t\t\t\t\t<div class=\"elementor-button-wrapper\">\n\t\t\t\t\t<a class=\"elementor-button elementor-button-link elementor-size-md\" href=\"tel:+4960226519550\">\n\t\t\t\t\t\t<span class=\"elementor-button-content-wrapper\">\n\t\t\t\t\t\t\t\t\t<span class=\"elementor-button-text\">+49 (0)6022 651955 - 0<\/span>\n\t\t\t\t\t<\/span>\n\t\t\t\t\t<\/a>\n\t\t\t\t<\/div>\n\t\t\t\t\t\t\t\t<\/div>\n\t\t\t\t<\/div>\n\t\t\t\t<div class=\"elementor-element elementor-element-f66bbb4 elementor-align-center elementor-widget elementor-widget-button\" data-id=\"f66bbb4\" data-element_type=\"widget\" data-widget_type=\"button.default\">\n\t\t\t\t<div class=\"elementor-widget-container\">\n\t\t\t\t\t\t\t\t\t<div class=\"elementor-button-wrapper\">\n\t\t\t\t\t<a class=\"elementor-button elementor-button-link elementor-size-md\" href=\"mailto:mail@efi-automation.com\">\n\t\t\t\t\t\t<span class=\"elementor-button-content-wrapper\">\n\t\t\t\t\t\t\t\t\t<span class=\"elementor-button-text\">mail@efi-automation.com<\/span>\n\t\t\t\t\t<\/span>\n\t\t\t\t\t<\/a>\n\t\t\t\t<\/div>\n\t\t\t\t\t\t\t\t<\/div>\n\t\t\t\t<\/div>\n\t\t\t\t\t<\/div>\n\t\t<\/div>\n\t\t\t\t\t<\/div>\n\t\t<\/section>\n\t\t\t\t<section class=\"elementor-section elementor-top-section elementor-element elementor-element-ca92f58 elementor-section-boxed elementor-section-height-default elementor-section-height-default\" data-id=\"ca92f58\" data-element_type=\"section\" data-settings=\"{&quot;jet_parallax_layout_list&quot;:[]}\">\n\t\t\t\t\t\t<div class=\"elementor-container elementor-column-gap-default\">\n\t\t\t\t\t<div class=\"elementor-column elementor-col-100 elementor-top-column elementor-element elementor-element-7b07f04\" data-id=\"7b07f04\" data-element_type=\"column\">\n\t\t\t<div class=\"elementor-widget-wrap elementor-element-populated\">\n\t\t\t\t\t\t<div class=\"elementor-element elementor-element-2fd9dd2 elementor-widget elementor-widget-heading\" data-id=\"2fd9dd2\" data-element_type=\"widget\" data-widget_type=\"heading.default\">\n\t\t\t\t<div class=\"elementor-widget-container\">\n\t\t\t\t\t<h2 class=\"elementor-heading-title elementor-size-default\">Contact form<\/h2>\t\t\t\t<\/div>\n\t\t\t\t<\/div>\n\t\t\t\t<div class=\"elementor-element elementor-element-a7245ac elementor-button-align-stretch elementor-widget elementor-widget-form\" data-id=\"a7245ac\" data-element_type=\"widget\" data-settings=\"{&quot;step_next_label&quot;:&quot;N\\u00e4chster&quot;,&quot;step_previous_label&quot;:&quot;Voriger&quot;,&quot;button_width&quot;:&quot;100&quot;,&quot;step_type&quot;:&quot;number_text&quot;,&quot;step_icon_shape&quot;:&quot;circle&quot;}\" data-widget_type=\"form.default\">\n\t\t\t\t<div class=\"elementor-widget-container\">\n\t\t\t\t\t\t\t<form class=\"elementor-form\" method=\"post\" name=\"Neues Formular\" action=\"\">\n\t\t\t<input type=\"hidden\" name=\"post_id\" value=\"490\"\/>\n\t\t\t<input type=\"hidden\" name=\"form_id\" value=\"a7245ac\"\/>\n\t\t\t<input type=\"hidden\" name=\"referer_title\" value=\"EFI Automation\" \/>\n\n\t\t\t\n\t\t\t<div class=\"elementor-form-fields-wrapper elementor-labels-above\">\n\t\t\t\t\t\t\t\t<div class=\"elementor-field-type-text elementor-field-group elementor-column elementor-field-group-name elementor-col-100\">\n\t\t\t\t\t\t\t\t\t\t\t\t<label for=\"form-field-name\" class=\"elementor-field-label\">\n\t\t\t\t\t\t\t\tName\t\t\t\t\t\t\t<\/label>\n\t\t\t\t\t\t\t\t\t\t\t\t\t\t<input size=\"1\" type=\"text\" name=\"form_fields[name]\" id=\"form-field-name\" class=\"elementor-field elementor-size-sm  elementor-field-textual\">\n\t\t\t\t\t\t\t\t\t\t\t<\/div>\n\t\t\t\t\t\t\t\t<div class=\"elementor-field-type-email elementor-field-group elementor-column elementor-field-group-email elementor-col-100 elementor-field-required\">\n\t\t\t\t\t\t\t\t\t\t\t\t<label for=\"form-field-email\" class=\"elementor-field-label\">\n\t\t\t\t\t\t\t\tE-Mail\t\t\t\t\t\t\t<\/label>\n\t\t\t\t\t\t\t\t\t\t\t\t\t\t<input size=\"1\" type=\"email\" name=\"form_fields[email]\" id=\"form-field-email\" class=\"elementor-field elementor-size-sm  elementor-field-textual\" required=\"required\">\n\t\t\t\t\t\t\t\t\t\t\t<\/div>\n\t\t\t\t\t\t\t\t<div class=\"elementor-field-type-textarea elementor-field-group elementor-column elementor-field-group-message elementor-col-100\">\n\t\t\t\t\t\t\t\t\t\t\t\t<label for=\"form-field-message\" class=\"elementor-field-label\">\n\t\t\t\t\t\t\t\tMessage\t\t\t\t\t\t\t<\/label>\n\t\t\t\t\t\t<textarea class=\"elementor-field-textual elementor-field  elementor-size-sm\" name=\"form_fields[message]\" id=\"form-field-message\" rows=\"4\"><\/textarea>\t\t\t\t<\/div>\n\t\t\t\t\t\t\t\t<div class=\"elementor-field-type-text\">\n\t\t\t\t\t<input size=\"1\" type=\"text\" name=\"form_fields[field_ba507a2]\" id=\"form-field-field_ba507a2\" class=\"elementor-field elementor-size-sm\" style=\"display:none !important;\">\t\t\t\t<\/div>\n\t\t\t\t\t\t\t\t<div class=\"elementor-field-type-acceptance elementor-field-group elementor-column elementor-field-group-field_cfd1a29 elementor-col-100 elementor-field-required\">\n\t\t\t\t\t\t\t<div class=\"elementor-field-subgroup\">\n\t\t\t<span class=\"elementor-field-option\">\n\t\t\t\t<input type=\"checkbox\" name=\"form_fields[field_cfd1a29]\" id=\"form-field-field_cfd1a29\" class=\"elementor-field elementor-size-sm  elementor-acceptance-field\" required=\"required\">\n\t\t\t\t<label for=\"form-field-field_cfd1a29\">Wir verwenden Ihre Angaben zur Beantwortung Ihrer Anfrage. Weitere Informationen finden Sie in unseren <a href=\"https:\/\/efi-automation.com\/en_gb\/datenschutzerklaerung\/\" style=\"color: #31A939\" target=\"_blank\">Datenschutzhinweisen<\/a>.<\/label>\t\t\t<\/span>\n\t\t<\/div>\n\t\t\t\t\t\t<\/div>\n\t\t\t\t\t\t\t\t<div class=\"elementor-field-group elementor-column elementor-field-type-submit elementor-col-100 e-form__buttons\">\n\t\t\t\t\t<button class=\"elementor-button elementor-size-sm\" type=\"submit\">\n\t\t\t\t\t\t<span class=\"elementor-button-content-wrapper\">\n\t\t\t\t\t\t\t\t\t\t\t\t\t\t\t\t\t\t\t\t\t\t<span class=\"elementor-button-text\">send<\/span>\n\t\t\t\t\t\t\t\t\t\t\t\t\t<\/span>\n\t\t\t\t\t<\/button>\n\t\t\t\t<\/div>\n\t\t\t<\/div>\n\t\t<input type=\"hidden\" name=\"trp-form-language\" value=\"en_gb\"\/><\/form>\n\t\t\t\t\t\t<\/div>\n\t\t\t\t<\/div>\n\t\t\t\t\t<\/div>\n\t\t<\/div>\n\t\t\t\t\t<\/div>\n\t\t<\/section>\n\t\t\t\t<section class=\"elementor-section elementor-top-section elementor-element elementor-element-4b3207a elementor-section-full_width elementor-section-height-default elementor-section-height-default\" data-id=\"4b3207a\" data-element_type=\"section\" data-settings=\"{&quot;jet_parallax_layout_list&quot;:[]}\">\n\t\t\t\t\t\t<div class=\"elementor-container elementor-column-gap-no\">\n\t\t\t\t\t<div class=\"elementor-column elementor-col-100 elementor-top-column elementor-element elementor-element-8d8ea59\" data-id=\"8d8ea59\" data-element_type=\"column\">\n\t\t\t<div class=\"elementor-widget-wrap elementor-element-populated\">\n\t\t\t\t\t\t<div class=\"elementor-element elementor-element-2a14c1f elementor-widget elementor-widget-shortcode\" data-id=\"2a14c1f\" data-element_type=\"widget\" data-widget_type=\"shortcode.default\">\n\t\t\t\t<div class=\"elementor-widget-container\">\n\t\t\t\t\t\t\t<div class=\"elementor-shortcode\"><div class=\"BorlabsCookie _brlbs-cb-googlemaps\"><div class=\"_brlbs-content-blocker\"> <div class=\"_brlbs-embed _brlbs-google-maps\"> <img decoding=\"async\" class=\"_brlbs-thumbnail\" src=\"https:\/\/efi-automation.com\/wp-content\/plugins\/borlabs-cookie\/assets\/images\/cb-maps.png\" alt=\"Google Maps\"> <div class=\"_brlbs-caption\"> <p>Mit dem Laden der Karte akzeptieren Sie die Datenschutzerkl\u00e4rung von Google.<br><a href=\"https:\/\/policies.google.com\/privacy\" target=\"_blank\" rel=\"nofollow noopener noreferrer\">Mehr erfahren<\/a><\/p> <p><a class=\"_brlbs-btn\" href=\"#\" data-borlabs-cookie-unblock role=\"button\">Karte laden<\/a><\/p> <p><label><input type=\"checkbox\" name=\"unblockAll\" value=\"1\" checked> <small>Google Maps immer entsperren<\/small><\/label><\/p> <\/div> <\/div> <\/div><div class=\"borlabs-hide\" data-borlabs-cookie-type=\"content-blocker\" data-borlabs-cookie-id=\"googlemaps\"><script type=\"text\/template\">R29vZ2xlIE1hcHMg<\/script><\/div><\/div><\/div>\n\t\t\t\t\t\t<\/div>\n\t\t\t\t<\/div>\n\t\t\t\t<div class=\"elementor-element elementor-element-969566c elementor-widget elementor-widget-html\" data-id=\"969566c\" data-element_type=\"widget\" data-widget_type=\"html.default\">\n\t\t\t\t<div class=\"elementor-widget-container\">\n\t\t\t\t\t<div class=\"BorlabsCookie _brlbs-cb-googlemaps\"><div class=\"_brlbs-content-blocker\"> <div class=\"_brlbs-embed _brlbs-google-maps\"> <img decoding=\"async\" class=\"_brlbs-thumbnail\" src=\"https:\/\/efi-automation.com\/wp-content\/plugins\/borlabs-cookie\/assets\/images\/cb-maps.png\" alt=\"Google Maps\"> <div class=\"_brlbs-caption\"> <p>Mit dem Laden der Karte akzeptieren Sie die Datenschutzerkl\u00e4rung von Google.<br><a href=\"https:\/\/policies.google.com\/privacy\" target=\"_blank\" rel=\"nofollow noopener noreferrer\">Mehr erfahren<\/a><\/p> <p><a class=\"_brlbs-btn\" href=\"#\" data-borlabs-cookie-unblock role=\"button\">Karte laden<\/a><\/p> <p><label><input type=\"checkbox\" name=\"unblockAll\" value=\"1\" checked> <small>Google Maps immer entsperren<\/small><\/label><\/p> <\/div> <\/div> <\/div><div class=\"borlabs-hide\" data-borlabs-cookie-type=\"content-blocker\" data-borlabs-cookie-id=\"googlemaps\"><script type=\"text\/template\">PGlmcmFtZSBzcmM9Imh0dHBzOi8vd3d3Lmdvb2dsZS5jb20vbWFwcy9lbWJlZD9wYj0hMW0xOCExbTEyITFtMyExZDI1NzUuNzc3Nzk1MDIxMTE3ITJkOS4xNTMzNTEzMTYyMTM1MjkhM2Q0OS43OTAyNDM0NDI1OTQwNiEybTMhMWYwITJmMCEzZjAhM20yITFpMTAyNCEyaTc2OCE0ZjEzLjEhM20zITFtMiExczB4NDdiZDRmZjE5NWZlZmQ0NSUzQTB4MmU4MGE2MTUwN2JlY2I4ZiEyc0VGSS1hdXRvbWF0aW9uJTIwR21iSCE1ZTAhM20yITFzZGUhMnNkZSE0djE2NjY2OTA5NzY3OTEhNW0yITFzZGUhMnNkZSIgd2lkdGg9IjYwMCIgaGVpZ2h0PSI0NTAiIHN0eWxlPSJib3JkZXI6MDsiIGFsbG93ZnVsbHNjcmVlbj0iIiBsb2FkaW5nPSJsYXp5IiByZWZlcnJlcnBvbGljeT0ibm8tcmVmZXJyZXItd2hlbi1kb3duZ3JhZGUiPjwvaWZyYW1lPg==<\/script><\/div><\/div>\t\t\t\t<\/div>\n\t\t\t\t<\/div>\n\t\t\t\t\t<\/div>\n\t\t<\/div>\n\t\t\t\t\t<\/div>\n\t\t<\/section>\n\t\t\t\t<\/div>","protected":false},"excerpt":{"rendered":"<p>Pers\u00f6nlich vor Ort Wir beantwortenGerne Ihre Fragen EFI-automation GmbH Bayernstra\u00dfe 6 63939 W\u00f6rth am Main Deutschland +49 (0)6022 651955 &#8211; 0 mail@efi-automation.com Kontaktformular Mit dem Laden der Karte akzeptieren Sie die Datenschutzerkl\u00e4rung von Google.Mehr erfahren Karte laden Google Maps immer entsperren<\/p>","protected":false},"author":1,"featured_media":0,"parent":0,"menu_order":0,"comment_status":"closed","ping_status":"closed","template":"","meta":{"footnotes":""},"class_list":["post-490","page","type-page","status-publish","hentry"],"yoast_head":"<!-- This site is optimized with the Yoast SEO plugin v25.2 - https:\/\/yoast.com\/wordpress\/plugins\/seo\/ -->\n<title>Kontakt - EFI Automation<\/title>\n<meta name=\"description\" content=\"Kontakt: \u260e +49 (0)6022 6519550 \/\/ \ud83d\udd82 Mail@efi-automation.com \/\/ Ankauf, Verkauf, Reparatur, Reinigung von Siemens Industrie-Elektronik\" \/>\n<meta name=\"robots\" content=\"index, follow, max-snippet:-1, max-image-preview:large, max-video-preview:-1\" \/>\n<link rel=\"canonical\" href=\"https:\/\/efi-automation.com\/en_gb\/kontakt\/\" \/>\n<meta property=\"og:locale\" content=\"en_GB\" \/>\n<meta property=\"og:type\" content=\"article\" \/>\n<meta property=\"og:title\" content=\"Kontakt - EFI Automation\" \/>\n<meta property=\"og:description\" content=\"Kontakt: \u260e +49 (0)6022 6519550 \/\/ \ud83d\udd82 Mail@efi-automation.com \/\/ Ankauf, Verkauf, Reparatur, Reinigung von Siemens Industrie-Elektronik\" \/>\n<meta property=\"og:url\" content=\"https:\/\/efi-automation.com\/en_gb\/kontakt\/\" \/>\n<meta property=\"og:site_name\" content=\"EFI Automation\" \/>\n<meta property=\"article:modified_time\" content=\"2023-12-08T14:24:54+00:00\" \/>\n<meta name=\"twitter:card\" content=\"summary_large_image\" \/>\n<meta name=\"twitter:label1\" content=\"Estimated reading time\" \/>\n\t<meta name=\"twitter:data1\" content=\"1 minute\" \/>\n<script type=\"application\/ld+json\" class=\"yoast-schema-graph\">{\"@context\":\"https:\/\/schema.org\",\"@graph\":[{\"@type\":\"WebPage\",\"@id\":\"https:\/\/efi-automation.com\/kontakt\/\",\"url\":\"https:\/\/efi-automation.com\/kontakt\/\",\"name\":\"Kontakt - EFI Automation\",\"isPartOf\":{\"@id\":\"https:\/\/efi-automation.com\/#website\"},\"datePublished\":\"2022-05-06T08:04:31+00:00\",\"dateModified\":\"2023-12-08T14:24:54+00:00\",\"description\":\"Kontakt: \u260e +49 (0)6022 6519550 \/\/ \ud83d\udd82 Mail@efi-automation.com \/\/ Ankauf, Verkauf, Reparatur, Reinigung von Siemens Industrie-Elektronik\",\"breadcrumb\":{\"@id\":\"https:\/\/efi-automation.com\/kontakt\/#breadcrumb\"},\"inLanguage\":\"en-GB\",\"potentialAction\":[{\"@type\":\"ReadAction\",\"target\":[\"https:\/\/efi-automation.com\/kontakt\/\"]}]},{\"@type\":\"BreadcrumbList\",\"@id\":\"https:\/\/efi-automation.com\/kontakt\/#breadcrumb\",\"itemListElement\":[{\"@type\":\"ListItem\",\"position\":1,\"name\":\"Startseite\",\"item\":\"https:\/\/efi-automation.com\/\"},{\"@type\":\"ListItem\",\"position\":2,\"name\":\"Kontakt\"}]},{\"@type\":\"WebSite\",\"@id\":\"https:\/\/efi-automation.com\/#website\",\"url\":\"https:\/\/efi-automation.com\/\",\"name\":\"EFI Automation\",\"description\":\"\",\"publisher\":{\"@id\":\"https:\/\/efi-automation.com\/#organization\"},\"potentialAction\":[{\"@type\":\"SearchAction\",\"target\":{\"@type\":\"EntryPoint\",\"urlTemplate\":\"https:\/\/efi-automation.com\/?s={search_term_string}\"},\"query-input\":{\"@type\":\"PropertyValueSpecification\",\"valueRequired\":true,\"valueName\":\"search_term_string\"}}],\"inLanguage\":\"en-GB\"},{\"@type\":\"Organization\",\"@id\":\"https:\/\/efi-automation.com\/#organization\",\"name\":\"EFI Automation\",\"url\":\"https:\/\/efi-automation.com\/\",\"logo\":{\"@type\":\"ImageObject\",\"inLanguage\":\"en-GB\",\"@id\":\"https:\/\/efi-automation.com\/#\/schema\/logo\/image\/\",\"url\":\"https:\/\/efi-automation.com\/wp-content\/uploads\/2022\/05\/Gruppe-2.png\",\"contentUrl\":\"https:\/\/efi-automation.com\/wp-content\/uploads\/2022\/05\/Gruppe-2.png\",\"width\":263,\"height\":120,\"caption\":\"EFI Automation\"},\"image\":{\"@id\":\"https:\/\/efi-automation.com\/#\/schema\/logo\/image\/\"}}]}<\/script>\n<!-- \/ Yoast SEO plugin. -->","yoast_head_json":{"title":"Kontakt - EFI Automation","description":"Kontakt: \u260e +49 (0)6022 6519550 \/\/ \ud83d\udd82 Mail@efi-automation.com \/\/ Ankauf, Verkauf, Reparatur, Reinigung von Siemens Industrie-Elektronik","robots":{"index":"index","follow":"follow","max-snippet":"max-snippet:-1","max-image-preview":"max-image-preview:large","max-video-preview":"max-video-preview:-1"},"canonical":"https:\/\/efi-automation.com\/en_gb\/kontakt\/","og_locale":"en_GB","og_type":"article","og_title":"Kontakt - EFI Automation","og_description":"Kontakt: \u260e +49 (0)6022 6519550 \/\/ \ud83d\udd82 Mail@efi-automation.com \/\/ Ankauf, Verkauf, Reparatur, Reinigung von Siemens Industrie-Elektronik","og_url":"https:\/\/efi-automation.com\/en_gb\/kontakt\/","og_site_name":"EFI Automation","article_modified_time":"2023-12-08T14:24:54+00:00","twitter_card":"summary_large_image","twitter_misc":{"Estimated reading time":"1 minute"},"schema":{"@context":"https:\/\/schema.org","@graph":[{"@type":"WebPage","@id":"https:\/\/efi-automation.com\/kontakt\/","url":"https:\/\/efi-automation.com\/kontakt\/","name":"Kontakt - EFI Automation","isPartOf":{"@id":"https:\/\/efi-automation.com\/#website"},"datePublished":"2022-05-06T08:04:31+00:00","dateModified":"2023-12-08T14:24:54+00:00","description":"Kontakt: \u260e +49 (0)6022 6519550 \/\/ \ud83d\udd82 Mail@efi-automation.com \/\/ Ankauf, Verkauf, Reparatur, Reinigung von Siemens Industrie-Elektronik","breadcrumb":{"@id":"https:\/\/efi-automation.com\/kontakt\/#breadcrumb"},"inLanguage":"en-GB","potentialAction":[{"@type":"ReadAction","target":["https:\/\/efi-automation.com\/kontakt\/"]}]},{"@type":"BreadcrumbList","@id":"https:\/\/efi-automation.com\/kontakt\/#breadcrumb","itemListElement":[{"@type":"ListItem","position":1,"name":"Startseite","item":"https:\/\/efi-automation.com\/"},{"@type":"ListItem","position":2,"name":"Kontakt"}]},{"@type":"WebSite","@id":"https:\/\/efi-automation.com\/#website","url":"https:\/\/efi-automation.com\/","name":"EFI Automation","description":"","publisher":{"@id":"https:\/\/efi-automation.com\/#organization"},"potentialAction":[{"@type":"SearchAction","target":{"@type":"EntryPoint","urlTemplate":"https:\/\/efi-automation.com\/?s={search_term_string}"},"query-input":{"@type":"PropertyValueSpecification","valueRequired":true,"valueName":"search_term_string"}}],"inLanguage":"en-GB"},{"@type":"Organization","@id":"https:\/\/efi-automation.com\/#organization","name":"EFI Automation","url":"https:\/\/efi-automation.com\/","logo":{"@type":"ImageObject","inLanguage":"en-GB","@id":"https:\/\/efi-automation.com\/#\/schema\/logo\/image\/","url":"https:\/\/efi-automation.com\/wp-content\/uploads\/2022\/05\/Gruppe-2.png","contentUrl":"https:\/\/efi-automation.com\/wp-content\/uploads\/2022\/05\/Gruppe-2.png","width":263,"height":120,"caption":"EFI Automation"},"image":{"@id":"https:\/\/efi-automation.com\/#\/schema\/logo\/image\/"}}]}},"_links":{"self":[{"href":"https:\/\/efi-automation.com\/en_gb\/wp-json\/wp\/v2\/pages\/490","targetHints":{"allow":["GET"]}}],"collection":[{"href":"https:\/\/efi-automation.com\/en_gb\/wp-json\/wp\/v2\/pages"}],"about":[{"href":"https:\/\/efi-automation.com\/en_gb\/wp-json\/wp\/v2\/types\/page"}],"author":[{"embeddable":true,"href":"https:\/\/efi-automation.com\/en_gb\/wp-json\/wp\/v2\/users\/1"}],"replies":[{"embeddable":true,"href":"https:\/\/efi-automation.com\/en_gb\/wp-json\/wp\/v2\/comments?post=490"}],"version-history":[{"count":145,"href":"https:\/\/efi-automation.com\/en_gb\/wp-json\/wp\/v2\/pages\/490\/revisions"}],"predecessor-version":[{"id":3148,"href":"https:\/\/efi-automation.com\/en_gb\/wp-json\/wp\/v2\/pages\/490\/revisions\/3148"}],"wp:attachment":[{"href":"https:\/\/efi-automation.com\/en_gb\/wp-json\/wp\/v2\/media?parent=490"}],"curies":[{"name":"wp","href":"https:\/\/api.w.org\/{rel}","templated":true}]}}